{"id":658,"date":"2023-08-05T12:41:16","date_gmt":"2023-08-05T12:41:16","guid":{"rendered":"https:\/\/themes.templatescoder.com\/pizzon\/wp\/demo-01\/?page_id=658"},"modified":"2024-01-06T23:54:39","modified_gmt":"2024-01-06T23:54:39","slug":"hakkimizda","status":"publish","type":"page","link":"https:\/\/kosecafe.com\/index.php\/hakkimizda\/","title":{"rendered":"Hakk\u0131m\u0131zda"},"content":{"rendered":"\t\t<div data-elementor-type=\"wp-page\" data-elementor-id=\"658\" class=\"elementor elementor-658\">\n\t\t\t\t\t\t<section class=\"elementor-section elementor-top-section elementor-element elementor-element-beafdeb elementor-section-boxed elementor-section-height-default elementor-section-height-default wpr-multicolor-no tmpcoder-sticky-section-no tmpcoder-particle-no\" data-id=\"beafdeb\" data-element_type=\"section\" data-e-type=\"section\" data-settings=\"{&quot;background_background&quot;:&quot;classic&quot;}\">\n\t\t\t\t\t\t\t<div class=\"elementor-background-overlay\"><\/div>\n\t\t\t\t\t\t\t<div class=\"elementor-container elementor-column-gap-default\">\n\t\t\t\t\t<div class=\"elementor-column elementor-col-100 elementor-top-column elementor-element elementor-element-ea94425\" data-id=\"ea94425\" data-element_type=\"column\" data-e-type=\"column\">\n\t\t\t<div class=\"elementor-widget-wrap elementor-element-populated\">\n\t\t\t\t\t\t<div class=\"elementor-element elementor-element-47b6502 elementor-widget elementor-widget-Breadcrumb\" data-id=\"47b6502\" data-element_type=\"widget\" data-e-type=\"widget\" data-widget_type=\"Breadcrumb.default\">\n\t\t\t\t<div class=\"elementor-widget-container\">\n\t\t\t\t\t\r\n        <div class=\"row\">\r\n            <div class=\"col-md-12\">\r\n                <div class=\"page-banner\">\r\n                                                \r\n                                <h2 class=\"sub-banner-title yes\">Hakk\u0131m\u0131zda<\/h2>\r\n                                \r\n                <\/div>\r\n            <\/div>\r\n        <\/div>\r\n\r\n        \t\t\t\t<\/div>\n\t\t\t\t<\/div>\n\t\t\t\t\t<\/div>\n\t\t<\/div>\n\t\t\t\t\t<\/div>\n\t\t<\/section>\n\t\t\t\t<section class=\"elementor-section elementor-top-section elementor-element elementor-element-6ae0aa9 elementor-section-boxed elementor-section-height-default elementor-section-height-default wpr-multicolor-no tmpcoder-sticky-section-no tmpcoder-particle-no\" data-id=\"6ae0aa9\" data-element_type=\"section\" data-e-type=\"section\">\n\t\t\t\t\t\t<div class=\"elementor-container elementor-column-gap-default\">\n\t\t\t\t\t<div class=\"elementor-column elementor-col-50 elementor-top-column elementor-element elementor-element-02de938\" data-id=\"02de938\" data-element_type=\"column\" data-e-type=\"column\">\n\t\t\t<div class=\"elementor-widget-wrap elementor-element-populated\">\n\t\t\t\t\t\t<div class=\"elementor-element elementor-element-800705d elementor-widget elementor-widget-image\" data-id=\"800705d\" data-element_type=\"widget\" data-e-type=\"widget\" data-widget_type=\"image.default\">\n\t\t\t\t\t\t\t\t\t\t\t\t\t\t\t<img fetchpriority=\"high\" decoding=\"async\" width=\"623\" height=\"483\" src=\"https:\/\/kosecafe.com\/wp-content\/uploads\/2023\/09\/about-1.jpg\" class=\"attachment-full size-full wp-image-896\" alt=\"about-1\" srcset=\"https:\/\/kosecafe.com\/wp-content\/uploads\/2023\/09\/about-1.jpg 623w, https:\/\/kosecafe.com\/wp-content\/uploads\/2023\/09\/about-1-300x233.jpg 300w, https:\/\/kosecafe.com\/wp-content\/uploads\/2023\/09\/about-1-600x465.jpg 600w\" sizes=\"(max-width: 623px) 100vw, 623px\" \/>\t\t\t\t\t\t\t\t\t\t\t\t\t\t\t<\/div>\n\t\t\t\t\t<\/div>\n\t\t<\/div>\n\t\t\t\t<div class=\"elementor-column elementor-col-50 elementor-top-column elementor-element elementor-element-7bd2c87\" data-id=\"7bd2c87\" data-element_type=\"column\" data-e-type=\"column\">\n\t\t\t<div class=\"elementor-widget-wrap elementor-element-populated\">\n\t\t\t\t\t\t<div class=\"elementor-element elementor-element-68aed43 elementor-widget elementor-widget-heading\" data-id=\"68aed43\" data-element_type=\"widget\" data-e-type=\"widget\" data-widget_type=\"heading.default\">\n\t\t\t\t\t<h4 class=\"elementor-heading-title elementor-size-default\">www.kosecafe.com<\/h4>\t\t\t\t<\/div>\n\t\t\t\t<div class=\"elementor-element elementor-element-c6f0d79 elementor-widget elementor-widget-heading\" data-id=\"c6f0d79\" data-element_type=\"widget\" data-e-type=\"widget\" data-widget_type=\"heading.default\">\n\t\t\t\t\t<h1 class=\"elementor-heading-title elementor-size-default\">HAKKIMIZDA<\/h1>\t\t\t\t<\/div>\n\t\t\t\t<div class=\"elementor-element elementor-element-b3aa932 elementor-widget elementor-widget-text-editor\" data-id=\"b3aa932\" data-element_type=\"widget\" data-e-type=\"widget\" data-widget_type=\"text-editor.default\">\n\t\t\t\t\t\t\t\t\t<p>Sadece pizza de\u011fil, muhte\u015fem anlar da sunma tutkusuyla kurulan Kosecafe, bir pizza mekan\u0131ndan daha fazlas\u0131d\u0131r; bir mutfak yolculu\u011fudur. Onun lokman\u0131n kalitesini, yenilik\u00e7ili\u011fini ve ba\u011fl\u0131l\u0131\u011f\u0131n\u0131n bir \u00f6yk\u00fcs\u00fcn\u00fc ola\u011fan\u00fcst\u00fc lezzet sanat\u0131n\u0131n tad\u0131n\u0131 \u00e7\u0131karmak i\u00e7in bize kat\u0131l\u0131n. Gelin, siz de kahvalt\u0131 ve pizza \u00e7e\u015fitlerimizin tad\u0131n\u0131 \u00e7\u0131kar\u0131n. Her lezzete davet edildi\u011fi yerin d\u0131\u015f\u0131nda KOSECAFE evine ho\u015f geldiniz.<\/p>\t\t\t\t\t\t\t\t<\/div>\n\t\t\t\t\t<\/div>\n\t\t<\/div>\n\t\t\t\t\t<\/div>\n\t\t<\/section>\n\t\t\t\t<section class=\"elementor-section elementor-top-section elementor-element elementor-element-738f595 elementor-section-boxed elementor-section-height-default elementor-section-height-default wpr-multicolor-no tmpcoder-sticky-section-no tmpcoder-particle-no\" data-id=\"738f595\" data-element_type=\"section\" data-e-type=\"section\" data-settings=\"{&quot;background_background&quot;:&quot;classic&quot;}\">\n\t\t\t\t\t\t<div class=\"elementor-container elementor-column-gap-default\">\n\t\t\t\t\t<div class=\"elementor-column elementor-col-100 elementor-top-column elementor-element elementor-element-bf00b18\" data-id=\"bf00b18\" data-element_type=\"column\" data-e-type=\"column\">\n\t\t\t<div class=\"elementor-widget-wrap elementor-element-populated\">\n\t\t\t\t\t\t<div class=\"elementor-element elementor-element-6806556 elementor-widget elementor-widget-heading\" data-id=\"6806556\" data-element_type=\"widget\" data-e-type=\"widget\" data-widget_type=\"heading.default\">\n\t\t\t\t\t<h4 class=\"elementor-heading-title elementor-size-default\">Ke\u015ffetmek<\/h4>\t\t\t\t<\/div>\n\t\t\t\t<div class=\"elementor-element elementor-element-917b49e elementor-widget elementor-widget-heading\" data-id=\"917b49e\" data-element_type=\"widget\" data-e-type=\"widget\" data-widget_type=\"heading.default\">\n\t\t\t\t\t<h1 class=\"elementor-heading-title elementor-size-default\">B\u0130Z\u0130M H\u0130KAYEM\u0130Z,\n LEZZET\u0130M\u0130ZLE S\u0130ZE H\u0130ZMET EDMEK<\/h1>\t\t\t\t<\/div>\n\t\t\t\t\t<\/div>\n\t\t<\/div>\n\t\t\t\t\t<\/div>\n\t\t<\/section>\n\t\t\t\t<section class=\"elementor-section elementor-top-section elementor-element elementor-element-c2ee17a elementor-section-full_width elementor-section-height-default elementor-section-height-default wpr-multicolor-no tmpcoder-sticky-section-no tmpcoder-particle-no\" data-id=\"c2ee17a\" data-element_type=\"section\" data-e-type=\"section\">\n\t\t\t\t\t\t<div class=\"elementor-container elementor-column-gap-default\">\n\t\t\t\t\t<div class=\"elementor-column elementor-col-100 elementor-top-column elementor-element elementor-element-bdbe637\" data-id=\"bdbe637\" data-element_type=\"column\" data-e-type=\"column\">\n\t\t\t<div class=\"elementor-widget-wrap elementor-element-populated\">\n\t\t\t\t\t\t<div class=\"elementor-element elementor-element-d87a994 elementor-widget elementor-widget-image\" data-id=\"d87a994\" data-element_type=\"widget\" data-e-type=\"widget\" data-widget_type=\"image.default\">\n\t\t\t\t\t\t\t\t\t\t\t\t\t\t\t<img decoding=\"async\" width=\"1909\" height=\"165\" src=\"https:\/\/kosecafe.com\/wp-content\/uploads\/2023\/08\/customer-top-bg.png\" class=\"attachment-full size-full wp-image-841\" alt=\"customer-top-bg\" srcset=\"https:\/\/kosecafe.com\/wp-content\/uploads\/2023\/08\/customer-top-bg.png 1909w, https:\/\/kosecafe.com\/wp-content\/uploads\/2023\/08\/customer-top-bg-300x26.png 300w, https:\/\/kosecafe.com\/wp-content\/uploads\/2023\/08\/customer-top-bg-1024x89.png 1024w, https:\/\/kosecafe.com\/wp-content\/uploads\/2023\/08\/customer-top-bg-768x66.png 768w, https:\/\/kosecafe.com\/wp-content\/uploads\/2023\/08\/customer-top-bg-1536x133.png 1536w, https:\/\/kosecafe.com\/wp-content\/uploads\/2023\/08\/customer-top-bg-600x52.png 600w\" sizes=\"(max-width: 1909px) 100vw, 1909px\" \/>\t\t\t\t\t\t\t\t\t\t\t\t\t\t\t<\/div>\n\t\t\t\t\t<\/div>\n\t\t<\/div>\n\t\t\t\t\t<\/div>\n\t\t<\/section>\n\t\t\t\t<section class=\"elementor-section elementor-top-section elementor-element elementor-element-e669c91 elementor-section-boxed elementor-section-height-default elementor-section-height-default wpr-multicolor-no tmpcoder-sticky-section-no tmpcoder-particle-no\" data-id=\"e669c91\" data-element_type=\"section\" data-e-type=\"section\" data-settings=\"{&quot;background_background&quot;:&quot;classic&quot;}\">\n\t\t\t\t\t\t<div class=\"elementor-container elementor-column-gap-default\">\n\t\t\t\t\t<div class=\"elementor-column elementor-col-100 elementor-top-column elementor-element elementor-element-524ad80\" data-id=\"524ad80\" data-element_type=\"column\" data-e-type=\"column\">\n\t\t\t<div class=\"elementor-widget-wrap\">\n\t\t\t\t\t\t\t<\/div>\n\t\t<\/div>\n\t\t\t\t\t<\/div>\n\t\t<\/section>\n\t\t\t\t<section class=\"elementor-section elementor-top-section elementor-element elementor-element-16f944d elementor-section-full_width elementor-section-height-default elementor-section-height-default wpr-multicolor-no tmpcoder-sticky-section-no tmpcoder-particle-no\" data-id=\"16f944d\" data-element_type=\"section\" data-e-type=\"section\">\n\t\t\t\t\t\t<div class=\"elementor-container elementor-column-gap-default\">\n\t\t\t\t\t<div class=\"elementor-column elementor-col-100 elementor-top-column elementor-element elementor-element-2fe9bf7\" data-id=\"2fe9bf7\" data-element_type=\"column\" data-e-type=\"column\">\n\t\t\t<div class=\"elementor-widget-wrap elementor-element-populated\">\n\t\t\t\t\t\t<div class=\"elementor-element elementor-element-a217733 elementor-widget elementor-widget-image\" data-id=\"a217733\" data-element_type=\"widget\" data-e-type=\"widget\" data-widget_type=\"image.default\">\n\t\t\t\t\t\t\t\t\t\t\t\t\t\t\t<img decoding=\"async\" width=\"1903\" height=\"94\" src=\"https:\/\/kosecafe.com\/wp-content\/uploads\/2023\/08\/customer-bottom-bg.png\" class=\"attachment-full size-full wp-image-842\" alt=\"customer-bottom-bg\" srcset=\"https:\/\/kosecafe.com\/wp-content\/uploads\/2023\/08\/customer-bottom-bg.png 1903w, https:\/\/kosecafe.com\/wp-content\/uploads\/2023\/08\/customer-bottom-bg-300x15.png 300w, https:\/\/kosecafe.com\/wp-content\/uploads\/2023\/08\/customer-bottom-bg-1024x51.png 1024w, https:\/\/kosecafe.com\/wp-content\/uploads\/2023\/08\/customer-bottom-bg-768x38.png 768w, https:\/\/kosecafe.com\/wp-content\/uploads\/2023\/08\/customer-bottom-bg-1536x76.png 1536w, https:\/\/kosecafe.com\/wp-content\/uploads\/2023\/08\/customer-bottom-bg-600x30.png 600w\" sizes=\"(max-width: 1903px) 100vw, 1903px\" \/>\t\t\t\t\t\t\t\t\t\t\t\t\t\t\t<\/div>\n\t\t\t\t\t<\/div>\n\t\t<\/div>\n\t\t\t\t\t<\/div>\n\t\t<\/section>\n\t\t\t\t<\/div>\n\t\t","protected":false},"excerpt":{"rendered":"<p>Hakk\u0131m\u0131zda www.kosecafe.com HAKKIMIZDA Sadece pizza de\u011fil, muhte\u015fem anlar da sunma tutkusuyla kurulan Kosecafe, bir pizza mekan\u0131ndan daha fazlas\u0131d\u0131r; bir mutfak yolculu\u011fudur. Onun lokman\u0131n kalitesini, yenilik\u00e7ili\u011fini ve ba\u011fl\u0131l\u0131\u011f\u0131n\u0131n bir \u00f6yk\u00fcs\u00fcn\u00fc ola\u011fan\u00fcst\u00fc lezzet sanat\u0131n\u0131n tad\u0131n\u0131 \u00e7\u0131karmak i\u00e7in bize kat\u0131l\u0131n. Gelin, siz de kahvalt\u0131 ve pizza \u00e7e\u015fitlerimizin tad\u0131n\u0131 \u00e7\u0131kar\u0131n. Her lezzete davet edildi\u011fi yerin d\u0131\u015f\u0131nda KOSECAFE evine ho\u015f [&hellip;]<\/p>\n","protected":false},"author":1,"featured_media":0,"parent":0,"menu_order":0,"comment_status":"closed","ping_status":"closed","template":"elementor_header_footer","meta":{"footnotes":""},"class_list":["post-658","page","type-page","status-publish","hentry"],"_links":{"self":[{"href":"https:\/\/kosecafe.com\/index.php\/wp-json\/wp\/v2\/pages\/658","targetHints":{"allow":["GET"]}}],"collection":[{"href":"https:\/\/kosecafe.com\/index.php\/wp-json\/wp\/v2\/pages"}],"about":[{"href":"https:\/\/kosecafe.com\/index.php\/wp-json\/wp\/v2\/types\/page"}],"author":[{"embeddable":true,"href":"https:\/\/kosecafe.com\/index.php\/wp-json\/wp\/v2\/users\/1"}],"replies":[{"embeddable":true,"href":"https:\/\/kosecafe.com\/index.php\/wp-json\/wp\/v2\/comments?post=658"}],"version-history":[{"count":5,"href":"https:\/\/kosecafe.com\/index.php\/wp-json\/wp\/v2\/pages\/658\/revisions"}],"predecessor-version":[{"id":1573,"href":"https:\/\/kosecafe.com\/index.php\/wp-json\/wp\/v2\/pages\/658\/revisions\/1573"}],"wp:attachment":[{"href":"https:\/\/kosecafe.com\/index.php\/wp-json\/wp\/v2\/media?parent=658"}],"curies":[{"name":"wp","href":"https:\/\/api.w.org\/{rel}","templated":true}]}}