{"id":1164,"date":"2023-10-14T08:08:40","date_gmt":"2023-10-14T08:08:40","guid":{"rendered":"https:\/\/themes.templatescoder.com\/pizzon\/wp\/demo-01\/?post_type=product&#038;p=1164"},"modified":"2025-01-06T19:14:41","modified_gmt":"2025-01-06T19:14:41","slug":"sucuksever-pizza","status":"publish","type":"product","link":"https:\/\/kosecafe.com\/index.php\/urun\/sucuksever-pizza\/","title":{"rendered":"Sucuksever Pizza"},"content":{"rendered":"<p>\u0130\u00c7\u0130NDEK\u0130LER<\/p>\n<ul>\n<li>Ek\u015fi mayal\u0131 hamur<\/li>\n<li>Domates sos<\/li>\n<li>Mozarella<\/li>\n<li>Sucuk<\/li>\n<\/ul>\n","protected":false},"excerpt":{"rendered":"<ul>\n<li>Ek\u015fi mayal\u0131 hamur<\/li>\n<li>Domates sos<\/li>\n<li>Mozarella<\/li>\n<li>Sucuk<\/li>\n<\/ul>\n","protected":false},"featured_media":1247,"comment_status":"open","ping_status":"closed","template":"","meta":[],"product_brand":[],"product_cat":[87,96],"product_tag":[91],"class_list":{"0":"post-1164","1":"product","2":"type-product","3":"status-publish","4":"has-post-thumbnail","6":"product_cat-pizzalar","7":"product_cat-sucuksever-pizza","8":"product_tag-spicy","10":"first","11":"instock","12":"shipping-taxable","13":"purchasable","14":"product-type-simple"},"_links":{"self":[{"href":"https:\/\/kosecafe.com\/index.php\/wp-json\/wp\/v2\/product\/1164","targetHints":{"allow":["GET"]}}],"collection":[{"href":"https:\/\/kosecafe.com\/index.php\/wp-json\/wp\/v2\/product"}],"about":[{"href":"https:\/\/kosecafe.com\/index.php\/wp-json\/wp\/v2\/types\/product"}],"replies":[{"embeddable":true,"href":"https:\/\/kosecafe.com\/index.php\/wp-json\/wp\/v2\/comments?post=1164"}],"wp:featuredmedia":[{"embeddable":true,"href":"https:\/\/kosecafe.com\/index.php\/wp-json\/wp\/v2\/media\/1247"}],"wp:attachment":[{"href":"https:\/\/kosecafe.com\/index.php\/wp-json\/wp\/v2\/media?parent=1164"}],"wp:term":[{"taxonomy":"product_brand","embeddable":true,"href":"https:\/\/kosecafe.com\/index.php\/wp-json\/wp\/v2\/product_brand?post=1164"},{"taxonomy":"product_cat","embeddable":true,"href":"https:\/\/kosecafe.com\/index.php\/wp-json\/wp\/v2\/product_cat?post=1164"},{"taxonomy":"product_tag","embeddable":true,"href":"https:\/\/kosecafe.com\/index.php\/wp-json\/wp\/v2\/product_tag?post=1164"}],"curies":[{"name":"wp","href":"https:\/\/api.w.org\/{rel}","templated":true}]}}