{"id":1589,"date":"2024-01-07T13:25:42","date_gmt":"2024-01-07T13:25:42","guid":{"rendered":"https:\/\/kosecafe.com\/?post_type=product&#038;p=1589"},"modified":"2025-01-06T19:15:07","modified_gmt":"2025-01-06T19:15:07","slug":"ton-balikli-pizza","status":"publish","type":"product","link":"https:\/\/kosecafe.com\/index.php\/urun\/ton-balikli-pizza\/","title":{"rendered":"Ton Bal\u0131kl\u0131 Pizza"},"content":{"rendered":"<p>\u0130\u00c7\u0130NDEK\u0130LER<\/p>\n<ul>\n<li>Ek\u015fi mayal\u0131 hamur<\/li>\n<li>Domates Sos<\/li>\n<li>Mozarella<\/li>\n<li>Ton bal\u0131\u011f\u0131<\/li>\n<li>Domates<\/li>\n<li>M\u0131s\u0131r<\/li>\n<\/ul>\n","protected":false},"excerpt":{"rendered":"<p>\u0130\u00c7\u0130NDEK\u0130LER<\/p>\n<ul>\n<li>Ek\u015fi mayal\u0131 hamur<\/li>\n<li>Domates Sos<\/li>\n<li>Mozarella<\/li>\n<li>Ton bal\u0131\u011f\u0131<\/li>\n<li>Domates<\/li>\n<li>M\u0131s\u0131r<\/li>\n<\/ul>\n","protected":false},"featured_media":1411,"comment_status":"open","ping_status":"closed","template":"","meta":[],"product_brand":[],"product_cat":[87,98],"product_tag":[91],"class_list":{"0":"post-1589","1":"product","2":"type-product","3":"status-publish","4":"has-post-thumbnail","6":"product_cat-pizzalar","7":"product_cat-ton-balikli-pizza","8":"product_tag-spicy","10":"first","11":"instock","12":"shipping-taxable","13":"purchasable","14":"product-type-simple"},"_links":{"self":[{"href":"https:\/\/kosecafe.com\/index.php\/wp-json\/wp\/v2\/product\/1589","targetHints":{"allow":["GET"]}}],"collection":[{"href":"https:\/\/kosecafe.com\/index.php\/wp-json\/wp\/v2\/product"}],"about":[{"href":"https:\/\/kosecafe.com\/index.php\/wp-json\/wp\/v2\/types\/product"}],"replies":[{"embeddable":true,"href":"https:\/\/kosecafe.com\/index.php\/wp-json\/wp\/v2\/comments?post=1589"}],"wp:featuredmedia":[{"embeddable":true,"href":"https:\/\/kosecafe.com\/index.php\/wp-json\/wp\/v2\/media\/1411"}],"wp:attachment":[{"href":"https:\/\/kosecafe.com\/index.php\/wp-json\/wp\/v2\/media?parent=1589"}],"wp:term":[{"taxonomy":"product_brand","embeddable":true,"href":"https:\/\/kosecafe.com\/index.php\/wp-json\/wp\/v2\/product_brand?post=1589"},{"taxonomy":"product_cat","embeddable":true,"href":"https:\/\/kosecafe.com\/index.php\/wp-json\/wp\/v2\/product_cat?post=1589"},{"taxonomy":"product_tag","embeddable":true,"href":"https:\/\/kosecafe.com\/index.php\/wp-json\/wp\/v2\/product_tag?post=1589"}],"curies":[{"name":"wp","href":"https:\/\/api.w.org\/{rel}","templated":true}]}}