{"id":1610,"date":"2024-01-07T13:59:42","date_gmt":"2024-01-07T13:59:42","guid":{"rendered":"https:\/\/kosecafe.com\/?post_type=product&#038;p=1610"},"modified":"2025-01-06T19:04:21","modified_gmt":"2025-01-06T19:04:21","slug":"mini-kahvalti-tabagi","status":"publish","type":"product","link":"https:\/\/kosecafe.com\/index.php\/urun\/mini-kahvalti-tabagi\/","title":{"rendered":"Mini Kahvalt\u0131 Taba\u011f\u0131"},"content":{"rendered":"<p>\u0130\u00c7\u0130NDEK\u0130LER<\/p>\n<ul>\n<li>Ka\u015far peyniri<\/li>\n<li>Beyaz peynir<\/li>\n<li>Burgu peynir<\/li>\n<li>Tel peynir<\/li>\n<li>Salam<\/li>\n<li>Siyah zeytin<\/li>\n<li>Ye\u015fil zeytin<\/li>\n<li>Domates<\/li>\n<li>Salatal\u0131k<\/li>\n<li>Ye\u015fil Biber<\/li>\n<\/ul>\n","protected":false},"excerpt":{"rendered":"<p>\u0130\u00c7\u0130NDEK\u0130LER<\/p>\n<ul>\n<li>Ka\u015far peyniri<\/li>\n<li>Beyaz peynir<\/li>\n<li>Burgu peynir<\/li>\n<li>Tel peynir<\/li>\n<li>Salam<\/li>\n<li>Siyah zeytin<\/li>\n<li>Ye\u015fil zeytin<\/li>\n<li>Domates<\/li>\n<li>Salatal\u0131k<\/li>\n<li>Ye\u015fil Biber<\/li>\n<\/ul>\n","protected":false},"featured_media":1778,"comment_status":"open","ping_status":"closed","template":"","meta":[],"product_brand":[],"product_cat":[76,99],"product_tag":[],"class_list":{"0":"post-1610","1":"product","2":"type-product","3":"status-publish","4":"has-post-thumbnail","6":"product_cat-kahvalti","7":"product_cat-mini-kahvalti-tabagi","9":"first","10":"instock","11":"shipping-taxable","12":"purchasable","13":"product-type-simple"},"_links":{"self":[{"href":"https:\/\/kosecafe.com\/index.php\/wp-json\/wp\/v2\/product\/1610","targetHints":{"allow":["GET"]}}],"collection":[{"href":"https:\/\/kosecafe.com\/index.php\/wp-json\/wp\/v2\/product"}],"about":[{"href":"https:\/\/kosecafe.com\/index.php\/wp-json\/wp\/v2\/types\/product"}],"replies":[{"embeddable":true,"href":"https:\/\/kosecafe.com\/index.php\/wp-json\/wp\/v2\/comments?post=1610"}],"wp:featuredmedia":[{"embeddable":true,"href":"https:\/\/kosecafe.com\/index.php\/wp-json\/wp\/v2\/media\/1778"}],"wp:attachment":[{"href":"https:\/\/kosecafe.com\/index.php\/wp-json\/wp\/v2\/media?parent=1610"}],"wp:term":[{"taxonomy":"product_brand","embeddable":true,"href":"https:\/\/kosecafe.com\/index.php\/wp-json\/wp\/v2\/product_brand?post=1610"},{"taxonomy":"product_cat","embeddable":true,"href":"https:\/\/kosecafe.com\/index.php\/wp-json\/wp\/v2\/product_cat?post=1610"},{"taxonomy":"product_tag","embeddable":true,"href":"https:\/\/kosecafe.com\/index.php\/wp-json\/wp\/v2\/product_tag?post=1610"}],"curies":[{"name":"wp","href":"https:\/\/api.w.org\/{rel}","templated":true}]}}