{"id":1611,"date":"2024-01-07T14:06:19","date_gmt":"2024-01-07T14:06:19","guid":{"rendered":"https:\/\/kosecafe.com\/?post_type=product&#038;p=1611"},"modified":"2025-01-06T19:04:41","modified_gmt":"2025-01-06T19:04:41","slug":"kahvalti-tabagi","status":"publish","type":"product","link":"https:\/\/kosecafe.com\/index.php\/urun\/kahvalti-tabagi\/","title":{"rendered":"Kahvalt\u0131 Taba\u011f\u0131"},"content":{"rendered":"<p>\u0130\u00c7\u0130NDEK\u0130LER<\/p>\n<ul>\n<li>Ha\u015flanm\u0131\u015f yumurta<\/li>\n<li>Bal<\/li>\n<li>Recel<\/li>\n<li>Ka\u015far Peyniri<\/li>\n<li>Beyaz Peynir<\/li>\n<li>Burgu Peynir<\/li>\n<li>Tel Peynir<\/li>\n<li>Salam<\/li>\n<li>Sosis<\/li>\n<li>Siyah Zeytin<\/li>\n<li>Ye\u015fil Zeytin<\/li>\n<li>S\u00fcrme \u00c7ikolata<\/li>\n<li>Sigara B\u00f6re\u011fi<\/li>\n<li>Domates<\/li>\n<li>Salatal\u0131k<\/li>\n<li>Ye\u015fil Biber<\/li>\n<\/ul>\n","protected":false},"excerpt":{"rendered":"<p>\u0130\u00c7\u0130NDEK\u0130LER<\/p>\n<ul>\n<li>Ha\u015flanm\u0131\u015f yumurta<\/li>\n<li>Bal<\/li>\n<li>Recel<\/li>\n<li>Ka\u015far Peyniri<\/li>\n<li>Beyaz Peynir<\/li>\n<li>Burgu Peynir<\/li>\n<li>Tel Peynir<\/li>\n<li>Salam<\/li>\n<li>Sosis<\/li>\n<li>Siyah Zeytin<\/li>\n<li>Ye\u015fil Zeytin<\/li>\n<li>S\u00fcrme \u00c7ikolata<\/li>\n<li>Sigara B\u00f6re\u011fi<\/li>\n<li>Domates<\/li>\n<li>Salatal\u0131k<\/li>\n<li>Ye\u015fil Biber<\/li>\n<\/ul>\n","protected":false},"featured_media":1777,"comment_status":"open","ping_status":"closed","template":"","meta":[],"product_brand":[],"product_cat":[76,100],"product_tag":[],"class_list":{"0":"post-1611","1":"product","2":"type-product","3":"status-publish","4":"has-post-thumbnail","6":"product_cat-kahvalti","7":"product_cat-kahvalti-tabagi","9":"first","10":"instock","11":"shipping-taxable","12":"purchasable","13":"product-type-simple"},"_links":{"self":[{"href":"https:\/\/kosecafe.com\/index.php\/wp-json\/wp\/v2\/product\/1611","targetHints":{"allow":["GET"]}}],"collection":[{"href":"https:\/\/kosecafe.com\/index.php\/wp-json\/wp\/v2\/product"}],"about":[{"href":"https:\/\/kosecafe.com\/index.php\/wp-json\/wp\/v2\/types\/product"}],"replies":[{"embeddable":true,"href":"https:\/\/kosecafe.com\/index.php\/wp-json\/wp\/v2\/comments?post=1611"}],"wp:featuredmedia":[{"embeddable":true,"href":"https:\/\/kosecafe.com\/index.php\/wp-json\/wp\/v2\/media\/1777"}],"wp:attachment":[{"href":"https:\/\/kosecafe.com\/index.php\/wp-json\/wp\/v2\/media?parent=1611"}],"wp:term":[{"taxonomy":"product_brand","embeddable":true,"href":"https:\/\/kosecafe.com\/index.php\/wp-json\/wp\/v2\/product_brand?post=1611"},{"taxonomy":"product_cat","embeddable":true,"href":"https:\/\/kosecafe.com\/index.php\/wp-json\/wp\/v2\/product_cat?post=1611"},{"taxonomy":"product_tag","embeddable":true,"href":"https:\/\/kosecafe.com\/index.php\/wp-json\/wp\/v2\/product_tag?post=1611"}],"curies":[{"name":"wp","href":"https:\/\/api.w.org\/{rel}","templated":true}]}}