{"id":1806,"date":"2025-01-06T19:15:25","date_gmt":"2025-01-06T19:15:25","guid":{"rendered":"https:\/\/kosecafe.com\/?post_type=product&#038;p=1806"},"modified":"2025-01-06T19:16:12","modified_gmt":"2025-01-06T19:16:12","slug":"full-karisik-pizza","status":"publish","type":"product","link":"https:\/\/kosecafe.com\/index.php\/urun\/full-karisik-pizza\/","title":{"rendered":"Full Kar\u0131\u015f\u0131k Pizza"},"content":{"rendered":"<p>\u0130\u00c7\u0130NDEK\u0130LER<\/p>\n<ul>\n<li>Ek\u015fi Mayal\u0131 hamur<\/li>\n<li>Domates sos<\/li>\n<li>Mozarella<\/li>\n<li>Kavurma<\/li>\n<li>Ye\u015fil biber<\/li>\n<li>Domates<\/li>\n<li>VS<\/li>\n<\/ul>\n","protected":false},"excerpt":{"rendered":"<p>\u0130\u00c7\u0130NDEK\u0130LER<\/p>\n<ul>\n<li>Ek\u015fi Mayal\u0131 hamur<\/li>\n<li>Domates sos<\/li>\n<li>Mozarella<\/li>\n<li>Kavurma<\/li>\n<li>Ye\u015fil biber<\/li>\n<li>Domates<\/li>\n<li>VS<\/li>\n<\/ul>\n","protected":false},"featured_media":1186,"comment_status":"open","ping_status":"closed","template":"","meta":[],"product_brand":[],"product_cat":[83,87],"product_tag":[91],"class_list":{"0":"post-1806","1":"product","2":"type-product","3":"status-publish","4":"has-post-thumbnail","6":"product_cat-kavurmali-pizza","7":"product_cat-pizzalar","8":"product_tag-spicy","10":"first","11":"instock","12":"shipping-taxable","13":"purchasable","14":"product-type-simple"},"_links":{"self":[{"href":"https:\/\/kosecafe.com\/index.php\/wp-json\/wp\/v2\/product\/1806","targetHints":{"allow":["GET"]}}],"collection":[{"href":"https:\/\/kosecafe.com\/index.php\/wp-json\/wp\/v2\/product"}],"about":[{"href":"https:\/\/kosecafe.com\/index.php\/wp-json\/wp\/v2\/types\/product"}],"replies":[{"embeddable":true,"href":"https:\/\/kosecafe.com\/index.php\/wp-json\/wp\/v2\/comments?post=1806"}],"wp:featuredmedia":[{"embeddable":true,"href":"https:\/\/kosecafe.com\/index.php\/wp-json\/wp\/v2\/media\/1186"}],"wp:attachment":[{"href":"https:\/\/kosecafe.com\/index.php\/wp-json\/wp\/v2\/media?parent=1806"}],"wp:term":[{"taxonomy":"product_brand","embeddable":true,"href":"https:\/\/kosecafe.com\/index.php\/wp-json\/wp\/v2\/product_brand?post=1806"},{"taxonomy":"product_cat","embeddable":true,"href":"https:\/\/kosecafe.com\/index.php\/wp-json\/wp\/v2\/product_cat?post=1806"},{"taxonomy":"product_tag","embeddable":true,"href":"https:\/\/kosecafe.com\/index.php\/wp-json\/wp\/v2\/product_tag?post=1806"}],"curies":[{"name":"wp","href":"https:\/\/api.w.org\/{rel}","templated":true}]}}